{"id":3176,"date":"2024-12-08T13:26:08","date_gmt":"2024-12-08T12:26:08","guid":{"rendered":"https:\/\/skiservice.dev-mint.ch\/ski-service-verbier\/"},"modified":"2024-12-08T13:26:08","modified_gmt":"2024-12-08T12:26:08","slug":"ski-service-verbier","status":"publish","type":"page","link":"https:\/\/www.skiservice.com\/fr\/ski-service-verbier\/","title":{"rendered":"Ski Service Verbier"},"content":{"rendered":"","protected":false},"excerpt":{"rendered":"","protected":false},"author":6,"featured_media":0,"parent":0,"menu_order":0,"comment_status":"closed","ping_status":"closed","template":"","meta":{"_acf_changed":false,"inline_featured_image":false},"class_list":["post-3176","page","type-page","status-publish","hentry"],"acf":[],"yoast_head":"<!-- This site is optimized with the Yoast SEO plugin v26.4 - https:\/\/yoast.com\/wordpress\/plugins\/seo\/ -->\n<title>Ski Service Verbier - Ski Service | Verbier Ski Hire | Bike Rental | Lift Pass<\/title>\n<meta name=\"description\" content=\"Ski Service Verbier, votre magasin de sport de confiance depuis 1972. Nous vous proposons la location de skis et de v\u00e9los, des forfaits de remont\u00e9es m\u00e9caniques, la vente de v\u00e9los, l&#039;ajustement de chaussures et le stockage de skis.\" \/>\n<meta name=\"robots\" content=\"index, follow, max-snippet:-1, max-image-preview:large, max-video-preview:-1\" \/>\n<link rel=\"canonical\" href=\"https:\/\/www.skiservice.com\/fr\/ski-service-verbier\/\" \/>\n<meta property=\"og:locale\" content=\"fr_FR\" \/>\n<meta property=\"og:type\" content=\"article\" \/>\n<meta property=\"og:title\" content=\"Ski Service Verbier - Ski Service | Verbier Ski Hire | Bike Rental | Lift Pass\" \/>\n<meta property=\"og:description\" content=\"Ski Service Verbier, votre magasin de sport de confiance depuis 1972. Nous vous proposons la location de skis et de v\u00e9los, des forfaits de remont\u00e9es m\u00e9caniques, la vente de v\u00e9los, l&#039;ajustement de chaussures et le stockage de skis.\" \/>\n<meta property=\"og:url\" content=\"https:\/\/www.skiservice.com\/fr\/ski-service-verbier\/\" \/>\n<meta property=\"og:site_name\" content=\"Ski Service | Verbier Ski Hire | Bike Rental | Lift Pass\" \/>\n<meta property=\"article:publisher\" content=\"https:\/\/www.facebook.com\/skiserviceverbier\" \/>\n<meta property=\"og:image\" content=\"https:\/\/www.skiservice.com\/wp-content\/uploads\/2024\/12\/black-friday-verbier-ski-hire-powder-red-jacket-scaled-e1733707310608.jpg\" \/>\n\t<meta property=\"og:image:width\" content=\"1617\" \/>\n\t<meta property=\"og:image:height\" content=\"1284\" \/>\n\t<meta property=\"og:image:type\" content=\"image\/jpeg\" \/>\n<meta name=\"twitter:card\" content=\"summary_large_image\" \/>\n<meta name=\"twitter:site\" content=\"@skiserviceverbi\" \/>\n<script type=\"application\/ld+json\" class=\"yoast-schema-graph\">{\"@context\":\"https:\/\/schema.org\",\"@graph\":[{\"@type\":\"WebPage\",\"@id\":\"https:\/\/www.skiservice.com\/fr\/ski-service-verbier\/\",\"url\":\"https:\/\/www.skiservice.com\/fr\/ski-service-verbier\/\",\"name\":\"Ski Service Verbier - Ski Service | Verbier Ski Hire | Bike Rental | Lift Pass\",\"isPartOf\":{\"@id\":\"https:\/\/www.skiservice.com\/fr\/#website\"},\"datePublished\":\"2024-12-08T12:26:08+00:00\",\"description\":\"Ski Service Verbier, votre magasin de sport de confiance depuis 1972. Nous vous proposons la location de skis et de v\u00e9los, des forfaits de remont\u00e9es m\u00e9caniques, la vente de v\u00e9los, l'ajustement de chaussures et le stockage de skis.\",\"breadcrumb\":{\"@id\":\"https:\/\/www.skiservice.com\/fr\/ski-service-verbier\/#breadcrumb\"},\"inLanguage\":\"fr-FR\",\"potentialAction\":[{\"@type\":\"ReadAction\",\"target\":[\"https:\/\/www.skiservice.com\/fr\/ski-service-verbier\/\"]}]},{\"@type\":\"BreadcrumbList\",\"@id\":\"https:\/\/www.skiservice.com\/fr\/ski-service-verbier\/#breadcrumb\",\"itemListElement\":[{\"@type\":\"ListItem\",\"position\":1,\"name\":\"Home\",\"item\":\"https:\/\/www.skiservice.com\/fr\/\"},{\"@type\":\"ListItem\",\"position\":2,\"name\":\"Ski Service Verbier\"}]},{\"@type\":\"WebSite\",\"@id\":\"https:\/\/www.skiservice.com\/fr\/#website\",\"url\":\"https:\/\/www.skiservice.com\/fr\/\",\"name\":\"Ski Service | Verbier Ski Hire | Bike Rental | Lift Pass\",\"description\":\"Verbier, Switzerland \u2013 Online Discount | Book Now\",\"publisher\":{\"@id\":\"https:\/\/www.skiservice.com\/fr\/#organization\"},\"potentialAction\":[{\"@type\":\"SearchAction\",\"target\":{\"@type\":\"EntryPoint\",\"urlTemplate\":\"https:\/\/www.skiservice.com\/fr\/?s={search_term_string}\"},\"query-input\":{\"@type\":\"PropertyValueSpecification\",\"valueRequired\":true,\"valueName\":\"search_term_string\"}}],\"inLanguage\":\"fr-FR\"},{\"@type\":\"Organization\",\"@id\":\"https:\/\/www.skiservice.com\/fr\/#organization\",\"name\":\"Ski Service | Verbier Ski Hire | Bike Rental | Lift Pass\",\"url\":\"https:\/\/www.skiservice.com\/fr\/\",\"logo\":{\"@type\":\"ImageObject\",\"inLanguage\":\"fr-FR\",\"@id\":\"https:\/\/www.skiservice.com\/fr\/#\/schema\/logo\/image\/\",\"url\":\"https:\/\/skiservice.com\/wp-content\/uploads\/2024\/10\/logo.webp\",\"contentUrl\":\"https:\/\/skiservice.com\/wp-content\/uploads\/2024\/10\/logo.webp\",\"width\":950,\"height\":585,\"caption\":\"Ski Service | Verbier Ski Hire | Bike Rental | Lift Pass\"},\"image\":{\"@id\":\"https:\/\/www.skiservice.com\/fr\/#\/schema\/logo\/image\/\"},\"sameAs\":[\"https:\/\/www.facebook.com\/skiserviceverbier\",\"https:\/\/x.com\/skiserviceverbi\",\"https:\/\/www.youtube.com\/user\/SkiServiceVerbier\",\"http:\/\/instagram.com\/skiserviceverbier\",\"https:\/\/www.pinterest.com\/skiserviceverbi\/\"]}]}<\/script>\n<!-- \/ Yoast SEO plugin. -->","yoast_head_json":{"title":"Ski Service Verbier - Ski Service | Verbier Ski Hire | Bike Rental | Lift Pass","description":"Ski Service Verbier, votre magasin de sport de confiance depuis 1972. Nous vous proposons la location de skis et de v\u00e9los, des forfaits de remont\u00e9es m\u00e9caniques, la vente de v\u00e9los, l'ajustement de chaussures et le stockage de skis.","robots":{"index":"index","follow":"follow","max-snippet":"max-snippet:-1","max-image-preview":"max-image-preview:large","max-video-preview":"max-video-preview:-1"},"canonical":"https:\/\/www.skiservice.com\/fr\/ski-service-verbier\/","og_locale":"fr_FR","og_type":"article","og_title":"Ski Service Verbier - Ski Service | Verbier Ski Hire | Bike Rental | Lift Pass","og_description":"Ski Service Verbier, votre magasin de sport de confiance depuis 1972. Nous vous proposons la location de skis et de v\u00e9los, des forfaits de remont\u00e9es m\u00e9caniques, la vente de v\u00e9los, l'ajustement de chaussures et le stockage de skis.","og_url":"https:\/\/www.skiservice.com\/fr\/ski-service-verbier\/","og_site_name":"Ski Service | Verbier Ski Hire | Bike Rental | Lift Pass","article_publisher":"https:\/\/www.facebook.com\/skiserviceverbier","og_image":[{"width":1617,"height":1284,"url":"https:\/\/www.skiservice.com\/wp-content\/uploads\/2024\/12\/black-friday-verbier-ski-hire-powder-red-jacket-scaled-e1733707310608.jpg","type":"image\/jpeg"}],"twitter_card":"summary_large_image","twitter_site":"@skiserviceverbi","schema":{"@context":"https:\/\/schema.org","@graph":[{"@type":"WebPage","@id":"https:\/\/www.skiservice.com\/fr\/ski-service-verbier\/","url":"https:\/\/www.skiservice.com\/fr\/ski-service-verbier\/","name":"Ski Service Verbier - Ski Service | Verbier Ski Hire | Bike Rental | Lift Pass","isPartOf":{"@id":"https:\/\/www.skiservice.com\/fr\/#website"},"datePublished":"2024-12-08T12:26:08+00:00","description":"Ski Service Verbier, votre magasin de sport de confiance depuis 1972. Nous vous proposons la location de skis et de v\u00e9los, des forfaits de remont\u00e9es m\u00e9caniques, la vente de v\u00e9los, l'ajustement de chaussures et le stockage de skis.","breadcrumb":{"@id":"https:\/\/www.skiservice.com\/fr\/ski-service-verbier\/#breadcrumb"},"inLanguage":"fr-FR","potentialAction":[{"@type":"ReadAction","target":["https:\/\/www.skiservice.com\/fr\/ski-service-verbier\/"]}]},{"@type":"BreadcrumbList","@id":"https:\/\/www.skiservice.com\/fr\/ski-service-verbier\/#breadcrumb","itemListElement":[{"@type":"ListItem","position":1,"name":"Home","item":"https:\/\/www.skiservice.com\/fr\/"},{"@type":"ListItem","position":2,"name":"Ski Service Verbier"}]},{"@type":"WebSite","@id":"https:\/\/www.skiservice.com\/fr\/#website","url":"https:\/\/www.skiservice.com\/fr\/","name":"Ski Service | Verbier Ski Hire | Bike Rental | Lift Pass","description":"Verbier, Switzerland \u2013 Online Discount | Book Now","publisher":{"@id":"https:\/\/www.skiservice.com\/fr\/#organization"},"potentialAction":[{"@type":"SearchAction","target":{"@type":"EntryPoint","urlTemplate":"https:\/\/www.skiservice.com\/fr\/?s={search_term_string}"},"query-input":{"@type":"PropertyValueSpecification","valueRequired":true,"valueName":"search_term_string"}}],"inLanguage":"fr-FR"},{"@type":"Organization","@id":"https:\/\/www.skiservice.com\/fr\/#organization","name":"Ski Service | Verbier Ski Hire | Bike Rental | Lift Pass","url":"https:\/\/www.skiservice.com\/fr\/","logo":{"@type":"ImageObject","inLanguage":"fr-FR","@id":"https:\/\/www.skiservice.com\/fr\/#\/schema\/logo\/image\/","url":"https:\/\/skiservice.com\/wp-content\/uploads\/2024\/10\/logo.webp","contentUrl":"https:\/\/skiservice.com\/wp-content\/uploads\/2024\/10\/logo.webp","width":950,"height":585,"caption":"Ski Service | Verbier Ski Hire | Bike Rental | Lift Pass"},"image":{"@id":"https:\/\/www.skiservice.com\/fr\/#\/schema\/logo\/image\/"},"sameAs":["https:\/\/www.facebook.com\/skiserviceverbier","https:\/\/x.com\/skiserviceverbi","https:\/\/www.youtube.com\/user\/SkiServiceVerbier","http:\/\/instagram.com\/skiserviceverbier","https:\/\/www.pinterest.com\/skiserviceverbi\/"]}]}},"_links":{"self":[{"href":"https:\/\/www.skiservice.com\/fr\/wp-json\/wp\/v2\/pages\/3176","targetHints":{"allow":["GET"]}}],"collection":[{"href":"https:\/\/www.skiservice.com\/fr\/wp-json\/wp\/v2\/pages"}],"about":[{"href":"https:\/\/www.skiservice.com\/fr\/wp-json\/wp\/v2\/types\/page"}],"author":[{"embeddable":true,"href":"https:\/\/www.skiservice.com\/fr\/wp-json\/wp\/v2\/users\/6"}],"replies":[{"embeddable":true,"href":"https:\/\/www.skiservice.com\/fr\/wp-json\/wp\/v2\/comments?post=3176"}],"version-history":[{"count":0,"href":"https:\/\/www.skiservice.com\/fr\/wp-json\/wp\/v2\/pages\/3176\/revisions"}],"wp:attachment":[{"href":"https:\/\/www.skiservice.com\/fr\/wp-json\/wp\/v2\/media?parent=3176"}],"curies":[{"name":"wp","href":"https:\/\/api.w.org\/{rel}","templated":true}]}}