{"id":3228,"date":"2024-12-11T09:12:56","date_gmt":"2024-12-11T08:12:56","guid":{"rendered":"https:\/\/skiservice.dev-mint.ch\/entretien-des-skis-et-atelier\/"},"modified":"2026-02-08T15:57:11","modified_gmt":"2026-02-08T14:57:11","slug":"entretien-skis-atelier","status":"publish","type":"page","link":"https:\/\/www.skiservice.com\/fr\/entretien-skis-atelier\/","title":{"rendered":"Entretien des skis et atelier"},"content":{"rendered":"","protected":false},"excerpt":{"rendered":"","protected":false},"author":6,"featured_media":0,"parent":0,"menu_order":0,"comment_status":"closed","ping_status":"closed","template":"","meta":{"_acf_changed":false,"inline_featured_image":false},"class_list":["post-3228","page","type-page","status-publish","hentry"],"acf":[],"yoast_head":"<!-- This site is optimized with the Yoast SEO plugin v26.4 - https:\/\/yoast.com\/wordpress\/plugins\/seo\/ -->\n<title>Entretien des skis et atelier - Ski Service | Verbier Ski Hire | Bike Rental | Lift Pass<\/title>\n<meta name=\"description\" content=\"Entretien professionnel des skis chez Ski Service Verbier. Fartage, r\u00e9parations compl\u00e8tes, coupe de peaux et montage de fixations effectu\u00e9s par des techniciens experts. Rendez-nous visite d\u00e8s aujourd&#039;hui !\" \/>\n<meta name=\"robots\" content=\"index, follow, max-snippet:-1, max-image-preview:large, max-video-preview:-1\" \/>\n<link rel=\"canonical\" href=\"https:\/\/www.skiservice.com\/fr\/entretien-skis-atelier\/\" \/>\n<meta property=\"og:locale\" content=\"fr_FR\" \/>\n<meta property=\"og:type\" content=\"article\" \/>\n<meta property=\"og:title\" content=\"Entretien des skis et atelier - Ski Service | Verbier Ski Hire | Bike Rental | Lift Pass\" \/>\n<meta property=\"og:description\" content=\"Entretien professionnel des skis chez Ski Service Verbier. Fartage, r\u00e9parations compl\u00e8tes, coupe de peaux et montage de fixations effectu\u00e9s par des techniciens experts. Rendez-nous visite d\u00e8s aujourd&#039;hui !\" \/>\n<meta property=\"og:url\" content=\"https:\/\/www.skiservice.com\/fr\/entretien-skis-atelier\/\" \/>\n<meta property=\"og:site_name\" content=\"Ski Service | Verbier Ski Hire | Bike Rental | Lift Pass\" \/>\n<meta property=\"article:publisher\" content=\"https:\/\/www.facebook.com\/skiserviceverbier\" \/>\n<meta property=\"article:modified_time\" content=\"2026-02-08T14:57:11+00:00\" \/>\n<meta property=\"og:image\" content=\"https:\/\/www.skiservice.com\/wp-content\/uploads\/2024\/12\/black-friday-verbier-ski-hire-powder-red-jacket-scaled-e1733707310608.jpg\" \/>\n\t<meta property=\"og:image:width\" content=\"1617\" \/>\n\t<meta property=\"og:image:height\" content=\"1284\" \/>\n\t<meta property=\"og:image:type\" content=\"image\/jpeg\" \/>\n<meta name=\"twitter:card\" content=\"summary_large_image\" \/>\n<meta name=\"twitter:site\" content=\"@skiserviceverbi\" \/>\n<meta name=\"twitter:label1\" content=\"Dur\u00e9e de lecture estim\u00e9e\" \/>\n\t<meta name=\"twitter:data1\" content=\"9 minutes\" \/>\n<script type=\"application\/ld+json\" class=\"yoast-schema-graph\">{\"@context\":\"https:\/\/schema.org\",\"@graph\":[{\"@type\":\"WebPage\",\"@id\":\"https:\/\/www.skiservice.com\/fr\/entretien-skis-atelier\/\",\"url\":\"https:\/\/www.skiservice.com\/fr\/entretien-skis-atelier\/\",\"name\":\"Entretien des skis et atelier - Ski Service | Verbier Ski Hire | Bike Rental | Lift Pass\",\"isPartOf\":{\"@id\":\"https:\/\/www.skiservice.com\/fr\/#website\"},\"datePublished\":\"2024-12-11T08:12:56+00:00\",\"dateModified\":\"2026-02-08T14:57:11+00:00\",\"description\":\"Entretien professionnel des skis chez Ski Service Verbier. Fartage, r\u00e9parations compl\u00e8tes, coupe de peaux et montage de fixations effectu\u00e9s par des techniciens experts. Rendez-nous visite d\u00e8s aujourd'hui !\",\"breadcrumb\":{\"@id\":\"https:\/\/www.skiservice.com\/fr\/entretien-skis-atelier\/#breadcrumb\"},\"inLanguage\":\"fr-FR\",\"potentialAction\":[{\"@type\":\"ReadAction\",\"target\":[\"https:\/\/www.skiservice.com\/fr\/entretien-skis-atelier\/\"]}]},{\"@type\":\"BreadcrumbList\",\"@id\":\"https:\/\/www.skiservice.com\/fr\/entretien-skis-atelier\/#breadcrumb\",\"itemListElement\":[{\"@type\":\"ListItem\",\"position\":1,\"name\":\"Home\",\"item\":\"https:\/\/www.skiservice.com\/fr\/\"},{\"@type\":\"ListItem\",\"position\":2,\"name\":\"Entretien des skis et atelier\"}]},{\"@type\":\"WebSite\",\"@id\":\"https:\/\/www.skiservice.com\/fr\/#website\",\"url\":\"https:\/\/www.skiservice.com\/fr\/\",\"name\":\"Ski Service | Verbier Ski Hire | Bike Rental | Lift Pass\",\"description\":\"Verbier, Switzerland \u2013 Online Discount | Book Now\",\"publisher\":{\"@id\":\"https:\/\/www.skiservice.com\/fr\/#organization\"},\"potentialAction\":[{\"@type\":\"SearchAction\",\"target\":{\"@type\":\"EntryPoint\",\"urlTemplate\":\"https:\/\/www.skiservice.com\/fr\/?s={search_term_string}\"},\"query-input\":{\"@type\":\"PropertyValueSpecification\",\"valueRequired\":true,\"valueName\":\"search_term_string\"}}],\"inLanguage\":\"fr-FR\"},{\"@type\":\"Organization\",\"@id\":\"https:\/\/www.skiservice.com\/fr\/#organization\",\"name\":\"Ski Service | Verbier Ski Hire | Bike Rental | Lift Pass\",\"url\":\"https:\/\/www.skiservice.com\/fr\/\",\"logo\":{\"@type\":\"ImageObject\",\"inLanguage\":\"fr-FR\",\"@id\":\"https:\/\/www.skiservice.com\/fr\/#\/schema\/logo\/image\/\",\"url\":\"https:\/\/skiservice.com\/wp-content\/uploads\/2024\/10\/logo.webp\",\"contentUrl\":\"https:\/\/skiservice.com\/wp-content\/uploads\/2024\/10\/logo.webp\",\"width\":950,\"height\":585,\"caption\":\"Ski Service | Verbier Ski Hire | Bike Rental | Lift Pass\"},\"image\":{\"@id\":\"https:\/\/www.skiservice.com\/fr\/#\/schema\/logo\/image\/\"},\"sameAs\":[\"https:\/\/www.facebook.com\/skiserviceverbier\",\"https:\/\/x.com\/skiserviceverbi\",\"https:\/\/www.youtube.com\/user\/SkiServiceVerbier\",\"http:\/\/instagram.com\/skiserviceverbier\",\"https:\/\/www.pinterest.com\/skiserviceverbi\/\"]}]}<\/script>\n<!-- \/ Yoast SEO plugin. -->","yoast_head_json":{"title":"Entretien des skis et atelier - Ski Service | Verbier Ski Hire | Bike Rental | Lift Pass","description":"Entretien professionnel des skis chez Ski Service Verbier. Fartage, r\u00e9parations compl\u00e8tes, coupe de peaux et montage de fixations effectu\u00e9s par des techniciens experts. Rendez-nous visite d\u00e8s aujourd'hui !","robots":{"index":"index","follow":"follow","max-snippet":"max-snippet:-1","max-image-preview":"max-image-preview:large","max-video-preview":"max-video-preview:-1"},"canonical":"https:\/\/www.skiservice.com\/fr\/entretien-skis-atelier\/","og_locale":"fr_FR","og_type":"article","og_title":"Entretien des skis et atelier - Ski Service | Verbier Ski Hire | Bike Rental | Lift Pass","og_description":"Entretien professionnel des skis chez Ski Service Verbier. Fartage, r\u00e9parations compl\u00e8tes, coupe de peaux et montage de fixations effectu\u00e9s par des techniciens experts. Rendez-nous visite d\u00e8s aujourd'hui !","og_url":"https:\/\/www.skiservice.com\/fr\/entretien-skis-atelier\/","og_site_name":"Ski Service | Verbier Ski Hire | Bike Rental | Lift Pass","article_publisher":"https:\/\/www.facebook.com\/skiserviceverbier","article_modified_time":"2026-02-08T14:57:11+00:00","og_image":[{"width":1617,"height":1284,"url":"https:\/\/www.skiservice.com\/wp-content\/uploads\/2024\/12\/black-friday-verbier-ski-hire-powder-red-jacket-scaled-e1733707310608.jpg","type":"image\/jpeg"}],"twitter_card":"summary_large_image","twitter_site":"@skiserviceverbi","twitter_misc":{"Dur\u00e9e de lecture estim\u00e9e":"9 minutes"},"schema":{"@context":"https:\/\/schema.org","@graph":[{"@type":"WebPage","@id":"https:\/\/www.skiservice.com\/fr\/entretien-skis-atelier\/","url":"https:\/\/www.skiservice.com\/fr\/entretien-skis-atelier\/","name":"Entretien des skis et atelier - Ski Service | Verbier Ski Hire | Bike Rental | Lift Pass","isPartOf":{"@id":"https:\/\/www.skiservice.com\/fr\/#website"},"datePublished":"2024-12-11T08:12:56+00:00","dateModified":"2026-02-08T14:57:11+00:00","description":"Entretien professionnel des skis chez Ski Service Verbier. Fartage, r\u00e9parations compl\u00e8tes, coupe de peaux et montage de fixations effectu\u00e9s par des techniciens experts. Rendez-nous visite d\u00e8s aujourd'hui !","breadcrumb":{"@id":"https:\/\/www.skiservice.com\/fr\/entretien-skis-atelier\/#breadcrumb"},"inLanguage":"fr-FR","potentialAction":[{"@type":"ReadAction","target":["https:\/\/www.skiservice.com\/fr\/entretien-skis-atelier\/"]}]},{"@type":"BreadcrumbList","@id":"https:\/\/www.skiservice.com\/fr\/entretien-skis-atelier\/#breadcrumb","itemListElement":[{"@type":"ListItem","position":1,"name":"Home","item":"https:\/\/www.skiservice.com\/fr\/"},{"@type":"ListItem","position":2,"name":"Entretien des skis et atelier"}]},{"@type":"WebSite","@id":"https:\/\/www.skiservice.com\/fr\/#website","url":"https:\/\/www.skiservice.com\/fr\/","name":"Ski Service | Verbier Ski Hire | Bike Rental | Lift Pass","description":"Verbier, Switzerland \u2013 Online Discount | Book Now","publisher":{"@id":"https:\/\/www.skiservice.com\/fr\/#organization"},"potentialAction":[{"@type":"SearchAction","target":{"@type":"EntryPoint","urlTemplate":"https:\/\/www.skiservice.com\/fr\/?s={search_term_string}"},"query-input":{"@type":"PropertyValueSpecification","valueRequired":true,"valueName":"search_term_string"}}],"inLanguage":"fr-FR"},{"@type":"Organization","@id":"https:\/\/www.skiservice.com\/fr\/#organization","name":"Ski Service | Verbier Ski Hire | Bike Rental | Lift Pass","url":"https:\/\/www.skiservice.com\/fr\/","logo":{"@type":"ImageObject","inLanguage":"fr-FR","@id":"https:\/\/www.skiservice.com\/fr\/#\/schema\/logo\/image\/","url":"https:\/\/skiservice.com\/wp-content\/uploads\/2024\/10\/logo.webp","contentUrl":"https:\/\/skiservice.com\/wp-content\/uploads\/2024\/10\/logo.webp","width":950,"height":585,"caption":"Ski Service | Verbier Ski Hire | Bike Rental | Lift Pass"},"image":{"@id":"https:\/\/www.skiservice.com\/fr\/#\/schema\/logo\/image\/"},"sameAs":["https:\/\/www.facebook.com\/skiserviceverbier","https:\/\/x.com\/skiserviceverbi","https:\/\/www.youtube.com\/user\/SkiServiceVerbier","http:\/\/instagram.com\/skiserviceverbier","https:\/\/www.pinterest.com\/skiserviceverbi\/"]}]}},"_links":{"self":[{"href":"https:\/\/www.skiservice.com\/fr\/wp-json\/wp\/v2\/pages\/3228","targetHints":{"allow":["GET"]}}],"collection":[{"href":"https:\/\/www.skiservice.com\/fr\/wp-json\/wp\/v2\/pages"}],"about":[{"href":"https:\/\/www.skiservice.com\/fr\/wp-json\/wp\/v2\/types\/page"}],"author":[{"embeddable":true,"href":"https:\/\/www.skiservice.com\/fr\/wp-json\/wp\/v2\/users\/6"}],"replies":[{"embeddable":true,"href":"https:\/\/www.skiservice.com\/fr\/wp-json\/wp\/v2\/comments?post=3228"}],"version-history":[{"count":9,"href":"https:\/\/www.skiservice.com\/fr\/wp-json\/wp\/v2\/pages\/3228\/revisions"}],"predecessor-version":[{"id":9398,"href":"https:\/\/www.skiservice.com\/fr\/wp-json\/wp\/v2\/pages\/3228\/revisions\/9398"}],"wp:attachment":[{"href":"https:\/\/www.skiservice.com\/fr\/wp-json\/wp\/v2\/media?parent=3228"}],"curies":[{"name":"wp","href":"https:\/\/api.w.org\/{rel}","templated":true}]}}