{"id":6622,"date":"2024-12-09T03:11:07","date_gmt":"2024-12-09T02:11:07","guid":{"rendered":"https:\/\/www.skiservice.com\/les-skis-et-les-chaussures-de-vos-reves\/"},"modified":"2025-12-02T11:12:48","modified_gmt":"2025-12-02T10:12:48","slug":"materiel-ski-vente","status":"publish","type":"page","link":"https:\/\/www.skiservice.com\/fr\/materiel-ski-vente\/","title":{"rendered":"Vente de Skis et Chaussures de Ski \u2013 Trouvez l\u2019\u00c9quipement Id\u00e9al"},"content":{"rendered":"","protected":false},"excerpt":{"rendered":"","protected":false},"author":6,"featured_media":0,"parent":0,"menu_order":0,"comment_status":"closed","ping_status":"closed","template":"","meta":{"_acf_changed":false,"inline_featured_image":false},"class_list":["post-6622","page","type-page","status-publish","hentry"],"acf":[],"yoast_head":"<!-- This site is optimized with the Yoast SEO plugin v26.4 - https:\/\/yoast.com\/wordpress\/plugins\/seo\/ -->\n<title>Vente de Skis et Chaussures de Ski \u2013 Trouvez l\u2019\u00c9quipement Id\u00e9al Ski Service | Verbier Ski Hire | Bike Rental | Lift Pass<\/title>\n<meta name=\"description\" content=\"D\u00e9couvrez des skis haut de gamme, des chaussures sur mesure et un large choix d\u2019\u00e9quipements de ski chez Ski Service Verbier. Trouvez le mat\u00e9riel id\u00e9al pour optimiser confort et performance sur les pistes.\" \/>\n<meta name=\"robots\" content=\"index, follow, max-snippet:-1, max-image-preview:large, max-video-preview:-1\" \/>\n<link rel=\"canonical\" href=\"https:\/\/www.skiservice.com\/fr\/materiel-ski-vente\/\" \/>\n<meta property=\"og:locale\" content=\"fr_FR\" \/>\n<meta property=\"og:type\" content=\"article\" \/>\n<meta property=\"og:title\" content=\"Vente de Skis et Chaussures de Ski \u2013 Trouvez l\u2019\u00c9quipement Id\u00e9al Ski Service | Verbier Ski Hire | Bike Rental | Lift Pass\" \/>\n<meta property=\"og:description\" content=\"D\u00e9couvrez des skis haut de gamme, des chaussures sur mesure et un large choix d\u2019\u00e9quipements de ski chez Ski Service Verbier. Trouvez le mat\u00e9riel id\u00e9al pour optimiser confort et performance sur les pistes.\" \/>\n<meta property=\"og:url\" content=\"https:\/\/www.skiservice.com\/fr\/materiel-ski-vente\/\" \/>\n<meta property=\"og:site_name\" content=\"Ski Service | Verbier Ski Hire | Bike Rental | Lift Pass\" \/>\n<meta property=\"article:publisher\" content=\"https:\/\/www.facebook.com\/skiserviceverbier\" \/>\n<meta property=\"article:modified_time\" content=\"2025-12-02T10:12:48+00:00\" \/>\n<meta property=\"og:image\" content=\"https:\/\/www.skiservice.com\/wp-content\/uploads\/2024\/12\/black-friday-verbier-ski-hire-powder-red-jacket-scaled-e1733707310608.jpg\" \/>\n\t<meta property=\"og:image:width\" content=\"1617\" \/>\n\t<meta property=\"og:image:height\" content=\"1284\" \/>\n\t<meta property=\"og:image:type\" content=\"image\/jpeg\" \/>\n<meta name=\"twitter:card\" content=\"summary_large_image\" \/>\n<meta name=\"twitter:site\" content=\"@skiserviceverbi\" \/>\n<meta name=\"twitter:label1\" content=\"Dur\u00e9e de lecture estim\u00e9e\" \/>\n\t<meta name=\"twitter:data1\" content=\"17 minutes\" \/>\n<script type=\"application\/ld+json\" class=\"yoast-schema-graph\">{\"@context\":\"https:\/\/schema.org\",\"@graph\":[{\"@type\":\"WebPage\",\"@id\":\"https:\/\/www.skiservice.com\/fr\/materiel-ski-vente\/\",\"url\":\"https:\/\/www.skiservice.com\/fr\/materiel-ski-vente\/\",\"name\":\"Vente de Skis et Chaussures de Ski \u2013 Trouvez l\u2019\u00c9quipement Id\u00e9al Ski Service | Verbier Ski Hire | Bike Rental | Lift Pass\",\"isPartOf\":{\"@id\":\"https:\/\/www.skiservice.com\/fr\/#website\"},\"datePublished\":\"2024-12-09T02:11:07+00:00\",\"dateModified\":\"2025-12-02T10:12:48+00:00\",\"description\":\"D\u00e9couvrez des skis haut de gamme, des chaussures sur mesure et un large choix d\u2019\u00e9quipements de ski chez Ski Service Verbier. Trouvez le mat\u00e9riel id\u00e9al pour optimiser confort et performance sur les pistes.\",\"breadcrumb\":{\"@id\":\"https:\/\/www.skiservice.com\/fr\/materiel-ski-vente\/#breadcrumb\"},\"inLanguage\":\"fr-FR\",\"potentialAction\":[{\"@type\":\"ReadAction\",\"target\":[\"https:\/\/www.skiservice.com\/fr\/materiel-ski-vente\/\"]}]},{\"@type\":\"BreadcrumbList\",\"@id\":\"https:\/\/www.skiservice.com\/fr\/materiel-ski-vente\/#breadcrumb\",\"itemListElement\":[{\"@type\":\"ListItem\",\"position\":1,\"name\":\"Home\",\"item\":\"https:\/\/www.skiservice.com\/fr\/\"},{\"@type\":\"ListItem\",\"position\":2,\"name\":\"Vente de Skis et Chaussures de Ski \u2013 Trouvez l\u2019\u00c9quipement Id\u00e9al\"}]},{\"@type\":\"WebSite\",\"@id\":\"https:\/\/www.skiservice.com\/fr\/#website\",\"url\":\"https:\/\/www.skiservice.com\/fr\/\",\"name\":\"Ski Service | Verbier Ski Hire | Bike Rental | Lift Pass\",\"description\":\"Verbier, Switzerland \u2013 Online Discount | Book Now\",\"publisher\":{\"@id\":\"https:\/\/www.skiservice.com\/fr\/#organization\"},\"potentialAction\":[{\"@type\":\"SearchAction\",\"target\":{\"@type\":\"EntryPoint\",\"urlTemplate\":\"https:\/\/www.skiservice.com\/fr\/?s={search_term_string}\"},\"query-input\":{\"@type\":\"PropertyValueSpecification\",\"valueRequired\":true,\"valueName\":\"search_term_string\"}}],\"inLanguage\":\"fr-FR\"},{\"@type\":\"Organization\",\"@id\":\"https:\/\/www.skiservice.com\/fr\/#organization\",\"name\":\"Ski Service | Verbier Ski Hire | Bike Rental | Lift Pass\",\"url\":\"https:\/\/www.skiservice.com\/fr\/\",\"logo\":{\"@type\":\"ImageObject\",\"inLanguage\":\"fr-FR\",\"@id\":\"https:\/\/www.skiservice.com\/fr\/#\/schema\/logo\/image\/\",\"url\":\"https:\/\/skiservice.com\/wp-content\/uploads\/2024\/10\/logo.webp\",\"contentUrl\":\"https:\/\/skiservice.com\/wp-content\/uploads\/2024\/10\/logo.webp\",\"width\":950,\"height\":585,\"caption\":\"Ski Service | Verbier Ski Hire | Bike Rental | Lift Pass\"},\"image\":{\"@id\":\"https:\/\/www.skiservice.com\/fr\/#\/schema\/logo\/image\/\"},\"sameAs\":[\"https:\/\/www.facebook.com\/skiserviceverbier\",\"https:\/\/x.com\/skiserviceverbi\",\"https:\/\/www.youtube.com\/user\/SkiServiceVerbier\",\"http:\/\/instagram.com\/skiserviceverbier\",\"https:\/\/www.pinterest.com\/skiserviceverbi\/\"]}]}<\/script>\n<!-- \/ Yoast SEO plugin. -->","yoast_head_json":{"title":"Vente de Skis et Chaussures de Ski \u2013 Trouvez l\u2019\u00c9quipement Id\u00e9al Ski Service | Verbier Ski Hire | Bike Rental | Lift Pass","description":"D\u00e9couvrez des skis haut de gamme, des chaussures sur mesure et un large choix d\u2019\u00e9quipements de ski chez Ski Service Verbier. Trouvez le mat\u00e9riel id\u00e9al pour optimiser confort et performance sur les pistes.","robots":{"index":"index","follow":"follow","max-snippet":"max-snippet:-1","max-image-preview":"max-image-preview:large","max-video-preview":"max-video-preview:-1"},"canonical":"https:\/\/www.skiservice.com\/fr\/materiel-ski-vente\/","og_locale":"fr_FR","og_type":"article","og_title":"Vente de Skis et Chaussures de Ski \u2013 Trouvez l\u2019\u00c9quipement Id\u00e9al Ski Service | Verbier Ski Hire | Bike Rental | Lift Pass","og_description":"D\u00e9couvrez des skis haut de gamme, des chaussures sur mesure et un large choix d\u2019\u00e9quipements de ski chez Ski Service Verbier. Trouvez le mat\u00e9riel id\u00e9al pour optimiser confort et performance sur les pistes.","og_url":"https:\/\/www.skiservice.com\/fr\/materiel-ski-vente\/","og_site_name":"Ski Service | Verbier Ski Hire | Bike Rental | Lift Pass","article_publisher":"https:\/\/www.facebook.com\/skiserviceverbier","article_modified_time":"2025-12-02T10:12:48+00:00","og_image":[{"width":1617,"height":1284,"url":"https:\/\/www.skiservice.com\/wp-content\/uploads\/2024\/12\/black-friday-verbier-ski-hire-powder-red-jacket-scaled-e1733707310608.jpg","type":"image\/jpeg"}],"twitter_card":"summary_large_image","twitter_site":"@skiserviceverbi","twitter_misc":{"Dur\u00e9e de lecture estim\u00e9e":"17 minutes"},"schema":{"@context":"https:\/\/schema.org","@graph":[{"@type":"WebPage","@id":"https:\/\/www.skiservice.com\/fr\/materiel-ski-vente\/","url":"https:\/\/www.skiservice.com\/fr\/materiel-ski-vente\/","name":"Vente de Skis et Chaussures de Ski \u2013 Trouvez l\u2019\u00c9quipement Id\u00e9al Ski Service | Verbier Ski Hire | Bike Rental | Lift Pass","isPartOf":{"@id":"https:\/\/www.skiservice.com\/fr\/#website"},"datePublished":"2024-12-09T02:11:07+00:00","dateModified":"2025-12-02T10:12:48+00:00","description":"D\u00e9couvrez des skis haut de gamme, des chaussures sur mesure et un large choix d\u2019\u00e9quipements de ski chez Ski Service Verbier. Trouvez le mat\u00e9riel id\u00e9al pour optimiser confort et performance sur les pistes.","breadcrumb":{"@id":"https:\/\/www.skiservice.com\/fr\/materiel-ski-vente\/#breadcrumb"},"inLanguage":"fr-FR","potentialAction":[{"@type":"ReadAction","target":["https:\/\/www.skiservice.com\/fr\/materiel-ski-vente\/"]}]},{"@type":"BreadcrumbList","@id":"https:\/\/www.skiservice.com\/fr\/materiel-ski-vente\/#breadcrumb","itemListElement":[{"@type":"ListItem","position":1,"name":"Home","item":"https:\/\/www.skiservice.com\/fr\/"},{"@type":"ListItem","position":2,"name":"Vente de Skis et Chaussures de Ski \u2013 Trouvez l\u2019\u00c9quipement Id\u00e9al"}]},{"@type":"WebSite","@id":"https:\/\/www.skiservice.com\/fr\/#website","url":"https:\/\/www.skiservice.com\/fr\/","name":"Ski Service | Verbier Ski Hire | Bike Rental | Lift Pass","description":"Verbier, Switzerland \u2013 Online Discount | Book Now","publisher":{"@id":"https:\/\/www.skiservice.com\/fr\/#organization"},"potentialAction":[{"@type":"SearchAction","target":{"@type":"EntryPoint","urlTemplate":"https:\/\/www.skiservice.com\/fr\/?s={search_term_string}"},"query-input":{"@type":"PropertyValueSpecification","valueRequired":true,"valueName":"search_term_string"}}],"inLanguage":"fr-FR"},{"@type":"Organization","@id":"https:\/\/www.skiservice.com\/fr\/#organization","name":"Ski Service | Verbier Ski Hire | Bike Rental | Lift Pass","url":"https:\/\/www.skiservice.com\/fr\/","logo":{"@type":"ImageObject","inLanguage":"fr-FR","@id":"https:\/\/www.skiservice.com\/fr\/#\/schema\/logo\/image\/","url":"https:\/\/skiservice.com\/wp-content\/uploads\/2024\/10\/logo.webp","contentUrl":"https:\/\/skiservice.com\/wp-content\/uploads\/2024\/10\/logo.webp","width":950,"height":585,"caption":"Ski Service | Verbier Ski Hire | Bike Rental | Lift Pass"},"image":{"@id":"https:\/\/www.skiservice.com\/fr\/#\/schema\/logo\/image\/"},"sameAs":["https:\/\/www.facebook.com\/skiserviceverbier","https:\/\/x.com\/skiserviceverbi","https:\/\/www.youtube.com\/user\/SkiServiceVerbier","http:\/\/instagram.com\/skiserviceverbier","https:\/\/www.pinterest.com\/skiserviceverbi\/"]}]}},"_links":{"self":[{"href":"https:\/\/www.skiservice.com\/fr\/wp-json\/wp\/v2\/pages\/6622","targetHints":{"allow":["GET"]}}],"collection":[{"href":"https:\/\/www.skiservice.com\/fr\/wp-json\/wp\/v2\/pages"}],"about":[{"href":"https:\/\/www.skiservice.com\/fr\/wp-json\/wp\/v2\/types\/page"}],"author":[{"embeddable":true,"href":"https:\/\/www.skiservice.com\/fr\/wp-json\/wp\/v2\/users\/6"}],"replies":[{"embeddable":true,"href":"https:\/\/www.skiservice.com\/fr\/wp-json\/wp\/v2\/comments?post=6622"}],"version-history":[{"count":9,"href":"https:\/\/www.skiservice.com\/fr\/wp-json\/wp\/v2\/pages\/6622\/revisions"}],"predecessor-version":[{"id":8922,"href":"https:\/\/www.skiservice.com\/fr\/wp-json\/wp\/v2\/pages\/6622\/revisions\/8922"}],"wp:attachment":[{"href":"https:\/\/www.skiservice.com\/fr\/wp-json\/wp\/v2\/media?parent=6622"}],"curies":[{"name":"wp","href":"https:\/\/api.w.org\/{rel}","templated":true}]}}