{"id":6773,"date":"2025-01-28T15:00:03","date_gmt":"2025-01-28T14:00:03","guid":{"rendered":"https:\/\/www.skiservice.com\/entretien-et-maintenance-des-velos\/"},"modified":"2026-04-27T10:49:48","modified_gmt":"2026-04-27T08:49:48","slug":"entretien-et-maintenance-des-velos","status":"publish","type":"page","link":"https:\/\/www.skiservice.com\/fr\/entretien-et-maintenance-des-velos\/","title":{"rendered":"Entretien et maintenance des v\u00e9los"},"content":{"rendered":"","protected":false},"excerpt":{"rendered":"","protected":false},"author":7,"featured_media":0,"parent":0,"menu_order":0,"comment_status":"closed","ping_status":"closed","template":"","meta":{"_acf_changed":false,"inline_featured_image":false},"class_list":["post-6773","page","type-page","status-publish","hentry"],"acf":[],"yoast_head":"<!-- This site is optimized with the Yoast SEO plugin v26.4 - https:\/\/yoast.com\/wordpress\/plugins\/seo\/ -->\n<title>Entretien et maintenance des v\u00e9los - Ski Service | Verbier Ski Hire | Bike Rental | Lift Pass<\/title>\n<meta name=\"description\" content=\"Ski Service Verbier assure l&#039;entretien et la maintenance de votre v\u00e9lo tout au long de l&#039;ann\u00e9e. Nos m\u00e9caniciens \u00e0 plein temps sont sp\u00e9cialis\u00e9s dans les v\u00e9los de montagne, les v\u00e9los \u00e9lectriques et les v\u00e9los de route, ce qui vous garantit des performances optimales \u00e0 chaque sortie.\" \/>\n<meta name=\"robots\" content=\"index, follow, max-snippet:-1, max-image-preview:large, max-video-preview:-1\" \/>\n<link rel=\"canonical\" href=\"https:\/\/www.skiservice.com\/fr\/entretien-et-maintenance-des-velos\/\" \/>\n<meta property=\"og:locale\" content=\"fr_FR\" \/>\n<meta property=\"og:type\" content=\"article\" \/>\n<meta property=\"og:title\" content=\"Entretien et maintenance des v\u00e9los - Ski Service | Verbier Ski Hire | Bike Rental | Lift Pass\" \/>\n<meta property=\"og:description\" content=\"Ski Service Verbier assure l&#039;entretien et la maintenance de votre v\u00e9lo tout au long de l&#039;ann\u00e9e. Nos m\u00e9caniciens \u00e0 plein temps sont sp\u00e9cialis\u00e9s dans les v\u00e9los de montagne, les v\u00e9los \u00e9lectriques et les v\u00e9los de route, ce qui vous garantit des performances optimales \u00e0 chaque sortie.\" \/>\n<meta property=\"og:url\" content=\"https:\/\/www.skiservice.com\/fr\/entretien-et-maintenance-des-velos\/\" \/>\n<meta property=\"og:site_name\" content=\"Ski Service | Verbier Ski Hire | Bike Rental | Lift Pass\" \/>\n<meta property=\"article:publisher\" content=\"https:\/\/www.facebook.com\/skiserviceverbier\" \/>\n<meta property=\"article:modified_time\" content=\"2026-04-27T08:49:48+00:00\" \/>\n<meta property=\"og:image\" content=\"https:\/\/www.skiservice.com\/wp-content\/uploads\/2024\/12\/black-friday-verbier-ski-hire-powder-red-jacket-scaled-e1733707310608.jpg\" \/>\n\t<meta property=\"og:image:width\" content=\"1617\" \/>\n\t<meta property=\"og:image:height\" content=\"1284\" \/>\n\t<meta property=\"og:image:type\" content=\"image\/jpeg\" \/>\n<meta name=\"twitter:card\" content=\"summary_large_image\" \/>\n<meta name=\"twitter:site\" content=\"@skiserviceverbi\" \/>\n<meta name=\"twitter:label1\" content=\"Dur\u00e9e de lecture estim\u00e9e\" \/>\n\t<meta name=\"twitter:data1\" content=\"3 minutes\" \/>\n<script type=\"application\/ld+json\" class=\"yoast-schema-graph\">{\"@context\":\"https:\/\/schema.org\",\"@graph\":[{\"@type\":\"WebPage\",\"@id\":\"https:\/\/www.skiservice.com\/fr\/entretien-et-maintenance-des-velos\/\",\"url\":\"https:\/\/www.skiservice.com\/fr\/entretien-et-maintenance-des-velos\/\",\"name\":\"Entretien et maintenance des v\u00e9los - Ski Service | Verbier Ski Hire | Bike Rental | Lift Pass\",\"isPartOf\":{\"@id\":\"https:\/\/www.skiservice.com\/fr\/#website\"},\"datePublished\":\"2025-01-28T14:00:03+00:00\",\"dateModified\":\"2026-04-27T08:49:48+00:00\",\"description\":\"Ski Service Verbier assure l'entretien et la maintenance de votre v\u00e9lo tout au long de l'ann\u00e9e. Nos m\u00e9caniciens \u00e0 plein temps sont sp\u00e9cialis\u00e9s dans les v\u00e9los de montagne, les v\u00e9los \u00e9lectriques et les v\u00e9los de route, ce qui vous garantit des performances optimales \u00e0 chaque sortie.\",\"breadcrumb\":{\"@id\":\"https:\/\/www.skiservice.com\/fr\/entretien-et-maintenance-des-velos\/#breadcrumb\"},\"inLanguage\":\"fr-FR\",\"potentialAction\":[{\"@type\":\"ReadAction\",\"target\":[\"https:\/\/www.skiservice.com\/fr\/entretien-et-maintenance-des-velos\/\"]}]},{\"@type\":\"BreadcrumbList\",\"@id\":\"https:\/\/www.skiservice.com\/fr\/entretien-et-maintenance-des-velos\/#breadcrumb\",\"itemListElement\":[{\"@type\":\"ListItem\",\"position\":1,\"name\":\"Home\",\"item\":\"https:\/\/www.skiservice.com\/fr\/\"},{\"@type\":\"ListItem\",\"position\":2,\"name\":\"Entretien et maintenance des v\u00e9los\"}]},{\"@type\":\"WebSite\",\"@id\":\"https:\/\/www.skiservice.com\/fr\/#website\",\"url\":\"https:\/\/www.skiservice.com\/fr\/\",\"name\":\"Ski Service | Verbier Ski Hire | Bike Rental | Lift Pass\",\"description\":\"Verbier, Switzerland \u2013 Online Discount | Book Now\",\"publisher\":{\"@id\":\"https:\/\/www.skiservice.com\/fr\/#organization\"},\"potentialAction\":[{\"@type\":\"SearchAction\",\"target\":{\"@type\":\"EntryPoint\",\"urlTemplate\":\"https:\/\/www.skiservice.com\/fr\/?s={search_term_string}\"},\"query-input\":{\"@type\":\"PropertyValueSpecification\",\"valueRequired\":true,\"valueName\":\"search_term_string\"}}],\"inLanguage\":\"fr-FR\"},{\"@type\":\"Organization\",\"@id\":\"https:\/\/www.skiservice.com\/fr\/#organization\",\"name\":\"Ski Service | Verbier Ski Hire | Bike Rental | Lift Pass\",\"url\":\"https:\/\/www.skiservice.com\/fr\/\",\"logo\":{\"@type\":\"ImageObject\",\"inLanguage\":\"fr-FR\",\"@id\":\"https:\/\/www.skiservice.com\/fr\/#\/schema\/logo\/image\/\",\"url\":\"https:\/\/skiservice.com\/wp-content\/uploads\/2024\/10\/logo.webp\",\"contentUrl\":\"https:\/\/skiservice.com\/wp-content\/uploads\/2024\/10\/logo.webp\",\"width\":950,\"height\":585,\"caption\":\"Ski Service | Verbier Ski Hire | Bike Rental | Lift Pass\"},\"image\":{\"@id\":\"https:\/\/www.skiservice.com\/fr\/#\/schema\/logo\/image\/\"},\"sameAs\":[\"https:\/\/www.facebook.com\/skiserviceverbier\",\"https:\/\/x.com\/skiserviceverbi\",\"https:\/\/www.youtube.com\/user\/SkiServiceVerbier\",\"http:\/\/instagram.com\/skiserviceverbier\",\"https:\/\/www.pinterest.com\/skiserviceverbi\/\"]}]}<\/script>\n<!-- \/ Yoast SEO plugin. -->","yoast_head_json":{"title":"Entretien et maintenance des v\u00e9los - Ski Service | Verbier Ski Hire | Bike Rental | Lift Pass","description":"Ski Service Verbier assure l'entretien et la maintenance de votre v\u00e9lo tout au long de l'ann\u00e9e. Nos m\u00e9caniciens \u00e0 plein temps sont sp\u00e9cialis\u00e9s dans les v\u00e9los de montagne, les v\u00e9los \u00e9lectriques et les v\u00e9los de route, ce qui vous garantit des performances optimales \u00e0 chaque sortie.","robots":{"index":"index","follow":"follow","max-snippet":"max-snippet:-1","max-image-preview":"max-image-preview:large","max-video-preview":"max-video-preview:-1"},"canonical":"https:\/\/www.skiservice.com\/fr\/entretien-et-maintenance-des-velos\/","og_locale":"fr_FR","og_type":"article","og_title":"Entretien et maintenance des v\u00e9los - Ski Service | Verbier Ski Hire | Bike Rental | Lift Pass","og_description":"Ski Service Verbier assure l'entretien et la maintenance de votre v\u00e9lo tout au long de l'ann\u00e9e. Nos m\u00e9caniciens \u00e0 plein temps sont sp\u00e9cialis\u00e9s dans les v\u00e9los de montagne, les v\u00e9los \u00e9lectriques et les v\u00e9los de route, ce qui vous garantit des performances optimales \u00e0 chaque sortie.","og_url":"https:\/\/www.skiservice.com\/fr\/entretien-et-maintenance-des-velos\/","og_site_name":"Ski Service | Verbier Ski Hire | Bike Rental | Lift Pass","article_publisher":"https:\/\/www.facebook.com\/skiserviceverbier","article_modified_time":"2026-04-27T08:49:48+00:00","og_image":[{"width":1617,"height":1284,"url":"https:\/\/www.skiservice.com\/wp-content\/uploads\/2024\/12\/black-friday-verbier-ski-hire-powder-red-jacket-scaled-e1733707310608.jpg","type":"image\/jpeg"}],"twitter_card":"summary_large_image","twitter_site":"@skiserviceverbi","twitter_misc":{"Dur\u00e9e de lecture estim\u00e9e":"3 minutes"},"schema":{"@context":"https:\/\/schema.org","@graph":[{"@type":"WebPage","@id":"https:\/\/www.skiservice.com\/fr\/entretien-et-maintenance-des-velos\/","url":"https:\/\/www.skiservice.com\/fr\/entretien-et-maintenance-des-velos\/","name":"Entretien et maintenance des v\u00e9los - Ski Service | Verbier Ski Hire | Bike Rental | Lift Pass","isPartOf":{"@id":"https:\/\/www.skiservice.com\/fr\/#website"},"datePublished":"2025-01-28T14:00:03+00:00","dateModified":"2026-04-27T08:49:48+00:00","description":"Ski Service Verbier assure l'entretien et la maintenance de votre v\u00e9lo tout au long de l'ann\u00e9e. Nos m\u00e9caniciens \u00e0 plein temps sont sp\u00e9cialis\u00e9s dans les v\u00e9los de montagne, les v\u00e9los \u00e9lectriques et les v\u00e9los de route, ce qui vous garantit des performances optimales \u00e0 chaque sortie.","breadcrumb":{"@id":"https:\/\/www.skiservice.com\/fr\/entretien-et-maintenance-des-velos\/#breadcrumb"},"inLanguage":"fr-FR","potentialAction":[{"@type":"ReadAction","target":["https:\/\/www.skiservice.com\/fr\/entretien-et-maintenance-des-velos\/"]}]},{"@type":"BreadcrumbList","@id":"https:\/\/www.skiservice.com\/fr\/entretien-et-maintenance-des-velos\/#breadcrumb","itemListElement":[{"@type":"ListItem","position":1,"name":"Home","item":"https:\/\/www.skiservice.com\/fr\/"},{"@type":"ListItem","position":2,"name":"Entretien et maintenance des v\u00e9los"}]},{"@type":"WebSite","@id":"https:\/\/www.skiservice.com\/fr\/#website","url":"https:\/\/www.skiservice.com\/fr\/","name":"Ski Service | Verbier Ski Hire | Bike Rental | Lift Pass","description":"Verbier, Switzerland \u2013 Online Discount | Book Now","publisher":{"@id":"https:\/\/www.skiservice.com\/fr\/#organization"},"potentialAction":[{"@type":"SearchAction","target":{"@type":"EntryPoint","urlTemplate":"https:\/\/www.skiservice.com\/fr\/?s={search_term_string}"},"query-input":{"@type":"PropertyValueSpecification","valueRequired":true,"valueName":"search_term_string"}}],"inLanguage":"fr-FR"},{"@type":"Organization","@id":"https:\/\/www.skiservice.com\/fr\/#organization","name":"Ski Service | Verbier Ski Hire | Bike Rental | Lift Pass","url":"https:\/\/www.skiservice.com\/fr\/","logo":{"@type":"ImageObject","inLanguage":"fr-FR","@id":"https:\/\/www.skiservice.com\/fr\/#\/schema\/logo\/image\/","url":"https:\/\/skiservice.com\/wp-content\/uploads\/2024\/10\/logo.webp","contentUrl":"https:\/\/skiservice.com\/wp-content\/uploads\/2024\/10\/logo.webp","width":950,"height":585,"caption":"Ski Service | Verbier Ski Hire | Bike Rental | Lift Pass"},"image":{"@id":"https:\/\/www.skiservice.com\/fr\/#\/schema\/logo\/image\/"},"sameAs":["https:\/\/www.facebook.com\/skiserviceverbier","https:\/\/x.com\/skiserviceverbi","https:\/\/www.youtube.com\/user\/SkiServiceVerbier","http:\/\/instagram.com\/skiserviceverbier","https:\/\/www.pinterest.com\/skiserviceverbi\/"]}]}},"_links":{"self":[{"href":"https:\/\/www.skiservice.com\/fr\/wp-json\/wp\/v2\/pages\/6773","targetHints":{"allow":["GET"]}}],"collection":[{"href":"https:\/\/www.skiservice.com\/fr\/wp-json\/wp\/v2\/pages"}],"about":[{"href":"https:\/\/www.skiservice.com\/fr\/wp-json\/wp\/v2\/types\/page"}],"author":[{"embeddable":true,"href":"https:\/\/www.skiservice.com\/fr\/wp-json\/wp\/v2\/users\/7"}],"replies":[{"embeddable":true,"href":"https:\/\/www.skiservice.com\/fr\/wp-json\/wp\/v2\/comments?post=6773"}],"version-history":[{"count":5,"href":"https:\/\/www.skiservice.com\/fr\/wp-json\/wp\/v2\/pages\/6773\/revisions"}],"predecessor-version":[{"id":7781,"href":"https:\/\/www.skiservice.com\/fr\/wp-json\/wp\/v2\/pages\/6773\/revisions\/7781"}],"wp:attachment":[{"href":"https:\/\/www.skiservice.com\/fr\/wp-json\/wp\/v2\/media?parent=6773"}],"curies":[{"name":"wp","href":"https:\/\/api.w.org\/{rel}","templated":true}]}}