{"id":8096,"date":"2024-12-09T03:11:07","date_gmt":"2024-12-09T02:11:07","guid":{"rendered":"https:\/\/www.skiservice.com\/ag-dina-egna-dromskidor-och-pjaxor\/"},"modified":"2025-12-02T11:17:36","modified_gmt":"2025-12-02T10:17:36","slug":"skidor-och-pjaxor","status":"publish","type":"page","link":"https:\/\/www.skiservice.com\/sv\/skidor-och-pjaxor\/","title":{"rendered":"Hitta dina egna dr\u00f6mskidor och -pj\u00e4xor"},"content":{"rendered":"","protected":false},"excerpt":{"rendered":"","protected":false},"author":6,"featured_media":0,"parent":0,"menu_order":0,"comment_status":"closed","ping_status":"closed","template":"","meta":{"_acf_changed":false,"inline_featured_image":false},"class_list":["post-8096","page","type-page","status-publish","hentry"],"acf":[],"yoast_head":"<!-- This site is optimized with the Yoast SEO plugin v26.4 - https:\/\/yoast.com\/wordpress\/plugins\/seo\/ -->\n<title>Premium Skidutrusting S\u00e4ljs - Hitta dina egna dr\u00f6mskidor och -pj\u00e4xor - %sep%Ski Service | Verbier Ski Hire | Bike Rental | Lift Pass %<\/title>\n<meta name=\"description\" content=\"Uppt\u00e4ck f\u00f6rstklassiga skidor och specialanpassade pj\u00e4xor hos Ski Service Verbier. F\u00f6rh\u00f6j din skidupplevelse med v\u00e5rt f\u00f6rstklassiga urval av utrustning.\" \/>\n<meta name=\"robots\" content=\"index, follow, max-snippet:-1, max-image-preview:large, max-video-preview:-1\" \/>\n<link rel=\"canonical\" href=\"https:\/\/www.skiservice.com\/sv\/skidor-och-pjaxor\/\" \/>\n<meta property=\"og:locale\" content=\"sv_SE\" \/>\n<meta property=\"og:type\" content=\"article\" \/>\n<meta property=\"og:title\" content=\"Premium Skidutrusting S\u00e4ljs - Hitta dina egna dr\u00f6mskidor och -pj\u00e4xor - %sep%Ski Service | Verbier Ski Hire | Bike Rental | Lift Pass %\" \/>\n<meta property=\"og:description\" content=\"Uppt\u00e4ck f\u00f6rstklassiga skidor och specialanpassade pj\u00e4xor hos Ski Service Verbier. F\u00f6rh\u00f6j din skidupplevelse med v\u00e5rt f\u00f6rstklassiga urval av utrustning.\" \/>\n<meta property=\"og:url\" content=\"https:\/\/www.skiservice.com\/sv\/skidor-och-pjaxor\/\" \/>\n<meta property=\"og:site_name\" content=\"Ski Service | Verbier Ski Hire | Bike Rental | Lift Pass\" \/>\n<meta property=\"article:publisher\" content=\"https:\/\/www.facebook.com\/skiserviceverbier\" \/>\n<meta property=\"article:modified_time\" content=\"2025-12-02T10:17:36+00:00\" \/>\n<meta property=\"og:image\" content=\"https:\/\/www.skiservice.com\/wp-content\/uploads\/2024\/12\/black-friday-verbier-ski-hire-powder-red-jacket-scaled-e1733707310608.jpg\" \/>\n\t<meta property=\"og:image:width\" content=\"1617\" \/>\n\t<meta property=\"og:image:height\" content=\"1284\" \/>\n\t<meta property=\"og:image:type\" content=\"image\/jpeg\" \/>\n<meta name=\"twitter:card\" content=\"summary_large_image\" \/>\n<meta name=\"twitter:site\" content=\"@skiserviceverbi\" \/>\n<meta name=\"twitter:label1\" content=\"Ber\u00e4knad l\u00e4stid\" \/>\n\t<meta name=\"twitter:data1\" content=\"14 minuter\" \/>\n<script type=\"application\/ld+json\" class=\"yoast-schema-graph\">{\"@context\":\"https:\/\/schema.org\",\"@graph\":[{\"@type\":\"WebPage\",\"@id\":\"https:\/\/www.skiservice.com\/sv\/skidor-och-pjaxor\/\",\"url\":\"https:\/\/www.skiservice.com\/sv\/skidor-och-pjaxor\/\",\"name\":\"Premium Skidutrusting S\u00e4ljs - Hitta dina egna dr\u00f6mskidor och -pj\u00e4xor - %sep%Ski Service | Verbier Ski Hire | Bike Rental | Lift Pass %\",\"isPartOf\":{\"@id\":\"https:\/\/www.skiservice.com\/sv\/#website\"},\"datePublished\":\"2024-12-09T02:11:07+00:00\",\"dateModified\":\"2025-12-02T10:17:36+00:00\",\"description\":\"Uppt\u00e4ck f\u00f6rstklassiga skidor och specialanpassade pj\u00e4xor hos Ski Service Verbier. F\u00f6rh\u00f6j din skidupplevelse med v\u00e5rt f\u00f6rstklassiga urval av utrustning.\",\"breadcrumb\":{\"@id\":\"https:\/\/www.skiservice.com\/sv\/skidor-och-pjaxor\/#breadcrumb\"},\"inLanguage\":\"sv-SE\",\"potentialAction\":[{\"@type\":\"ReadAction\",\"target\":[\"https:\/\/www.skiservice.com\/sv\/skidor-och-pjaxor\/\"]}]},{\"@type\":\"BreadcrumbList\",\"@id\":\"https:\/\/www.skiservice.com\/sv\/skidor-och-pjaxor\/#breadcrumb\",\"itemListElement\":[{\"@type\":\"ListItem\",\"position\":1,\"name\":\"Home\",\"item\":\"https:\/\/www.skiservice.com\/sv\/\"},{\"@type\":\"ListItem\",\"position\":2,\"name\":\"Hitta dina egna dr\u00f6mskidor och -pj\u00e4xor\"}]},{\"@type\":\"WebSite\",\"@id\":\"https:\/\/www.skiservice.com\/sv\/#website\",\"url\":\"https:\/\/www.skiservice.com\/sv\/\",\"name\":\"Ski Service | Verbier Ski Hire | Bike Rental | Lift Pass\",\"description\":\"Verbier, Switzerland \u2013 Online Discount | Book Now\",\"publisher\":{\"@id\":\"https:\/\/www.skiservice.com\/sv\/#organization\"},\"potentialAction\":[{\"@type\":\"SearchAction\",\"target\":{\"@type\":\"EntryPoint\",\"urlTemplate\":\"https:\/\/www.skiservice.com\/sv\/?s={search_term_string}\"},\"query-input\":{\"@type\":\"PropertyValueSpecification\",\"valueRequired\":true,\"valueName\":\"search_term_string\"}}],\"inLanguage\":\"sv-SE\"},{\"@type\":\"Organization\",\"@id\":\"https:\/\/www.skiservice.com\/sv\/#organization\",\"name\":\"Ski Service | Verbier Ski Hire | Bike Rental | Lift Pass\",\"url\":\"https:\/\/www.skiservice.com\/sv\/\",\"logo\":{\"@type\":\"ImageObject\",\"inLanguage\":\"sv-SE\",\"@id\":\"https:\/\/www.skiservice.com\/sv\/#\/schema\/logo\/image\/\",\"url\":\"https:\/\/skiservice.com\/wp-content\/uploads\/2024\/10\/logo.webp\",\"contentUrl\":\"https:\/\/skiservice.com\/wp-content\/uploads\/2024\/10\/logo.webp\",\"width\":950,\"height\":585,\"caption\":\"Ski Service | Verbier Ski Hire | Bike Rental | Lift Pass\"},\"image\":{\"@id\":\"https:\/\/www.skiservice.com\/sv\/#\/schema\/logo\/image\/\"},\"sameAs\":[\"https:\/\/www.facebook.com\/skiserviceverbier\",\"https:\/\/x.com\/skiserviceverbi\",\"https:\/\/www.youtube.com\/user\/SkiServiceVerbier\",\"http:\/\/instagram.com\/skiserviceverbier\",\"https:\/\/www.pinterest.com\/skiserviceverbi\/\"]}]}<\/script>\n<!-- \/ Yoast SEO plugin. -->","yoast_head_json":{"title":"Premium Skidutrusting S\u00e4ljs - Hitta dina egna dr\u00f6mskidor och -pj\u00e4xor - %sep%Ski Service | Verbier Ski Hire | Bike Rental | Lift Pass %","description":"Uppt\u00e4ck f\u00f6rstklassiga skidor och specialanpassade pj\u00e4xor hos Ski Service Verbier. F\u00f6rh\u00f6j din skidupplevelse med v\u00e5rt f\u00f6rstklassiga urval av utrustning.","robots":{"index":"index","follow":"follow","max-snippet":"max-snippet:-1","max-image-preview":"max-image-preview:large","max-video-preview":"max-video-preview:-1"},"canonical":"https:\/\/www.skiservice.com\/sv\/skidor-och-pjaxor\/","og_locale":"sv_SE","og_type":"article","og_title":"Premium Skidutrusting S\u00e4ljs - Hitta dina egna dr\u00f6mskidor och -pj\u00e4xor - %sep%Ski Service | Verbier Ski Hire | Bike Rental | Lift Pass %","og_description":"Uppt\u00e4ck f\u00f6rstklassiga skidor och specialanpassade pj\u00e4xor hos Ski Service Verbier. F\u00f6rh\u00f6j din skidupplevelse med v\u00e5rt f\u00f6rstklassiga urval av utrustning.","og_url":"https:\/\/www.skiservice.com\/sv\/skidor-och-pjaxor\/","og_site_name":"Ski Service | Verbier Ski Hire | Bike Rental | Lift Pass","article_publisher":"https:\/\/www.facebook.com\/skiserviceverbier","article_modified_time":"2025-12-02T10:17:36+00:00","og_image":[{"width":1617,"height":1284,"url":"https:\/\/www.skiservice.com\/wp-content\/uploads\/2024\/12\/black-friday-verbier-ski-hire-powder-red-jacket-scaled-e1733707310608.jpg","type":"image\/jpeg"}],"twitter_card":"summary_large_image","twitter_site":"@skiserviceverbi","twitter_misc":{"Ber\u00e4knad l\u00e4stid":"14 minuter"},"schema":{"@context":"https:\/\/schema.org","@graph":[{"@type":"WebPage","@id":"https:\/\/www.skiservice.com\/sv\/skidor-och-pjaxor\/","url":"https:\/\/www.skiservice.com\/sv\/skidor-och-pjaxor\/","name":"Premium Skidutrusting S\u00e4ljs - Hitta dina egna dr\u00f6mskidor och -pj\u00e4xor - %sep%Ski Service | Verbier Ski Hire | Bike Rental | Lift Pass %","isPartOf":{"@id":"https:\/\/www.skiservice.com\/sv\/#website"},"datePublished":"2024-12-09T02:11:07+00:00","dateModified":"2025-12-02T10:17:36+00:00","description":"Uppt\u00e4ck f\u00f6rstklassiga skidor och specialanpassade pj\u00e4xor hos Ski Service Verbier. F\u00f6rh\u00f6j din skidupplevelse med v\u00e5rt f\u00f6rstklassiga urval av utrustning.","breadcrumb":{"@id":"https:\/\/www.skiservice.com\/sv\/skidor-och-pjaxor\/#breadcrumb"},"inLanguage":"sv-SE","potentialAction":[{"@type":"ReadAction","target":["https:\/\/www.skiservice.com\/sv\/skidor-och-pjaxor\/"]}]},{"@type":"BreadcrumbList","@id":"https:\/\/www.skiservice.com\/sv\/skidor-och-pjaxor\/#breadcrumb","itemListElement":[{"@type":"ListItem","position":1,"name":"Home","item":"https:\/\/www.skiservice.com\/sv\/"},{"@type":"ListItem","position":2,"name":"Hitta dina egna dr\u00f6mskidor och -pj\u00e4xor"}]},{"@type":"WebSite","@id":"https:\/\/www.skiservice.com\/sv\/#website","url":"https:\/\/www.skiservice.com\/sv\/","name":"Ski Service | Verbier Ski Hire | Bike Rental | Lift Pass","description":"Verbier, Switzerland \u2013 Online Discount | Book Now","publisher":{"@id":"https:\/\/www.skiservice.com\/sv\/#organization"},"potentialAction":[{"@type":"SearchAction","target":{"@type":"EntryPoint","urlTemplate":"https:\/\/www.skiservice.com\/sv\/?s={search_term_string}"},"query-input":{"@type":"PropertyValueSpecification","valueRequired":true,"valueName":"search_term_string"}}],"inLanguage":"sv-SE"},{"@type":"Organization","@id":"https:\/\/www.skiservice.com\/sv\/#organization","name":"Ski Service | Verbier Ski Hire | Bike Rental | Lift Pass","url":"https:\/\/www.skiservice.com\/sv\/","logo":{"@type":"ImageObject","inLanguage":"sv-SE","@id":"https:\/\/www.skiservice.com\/sv\/#\/schema\/logo\/image\/","url":"https:\/\/skiservice.com\/wp-content\/uploads\/2024\/10\/logo.webp","contentUrl":"https:\/\/skiservice.com\/wp-content\/uploads\/2024\/10\/logo.webp","width":950,"height":585,"caption":"Ski Service | Verbier Ski Hire | Bike Rental | Lift Pass"},"image":{"@id":"https:\/\/www.skiservice.com\/sv\/#\/schema\/logo\/image\/"},"sameAs":["https:\/\/www.facebook.com\/skiserviceverbier","https:\/\/x.com\/skiserviceverbi","https:\/\/www.youtube.com\/user\/SkiServiceVerbier","http:\/\/instagram.com\/skiserviceverbier","https:\/\/www.pinterest.com\/skiserviceverbi\/"]}]}},"_links":{"self":[{"href":"https:\/\/www.skiservice.com\/sv\/wp-json\/wp\/v2\/pages\/8096","targetHints":{"allow":["GET"]}}],"collection":[{"href":"https:\/\/www.skiservice.com\/sv\/wp-json\/wp\/v2\/pages"}],"about":[{"href":"https:\/\/www.skiservice.com\/sv\/wp-json\/wp\/v2\/types\/page"}],"author":[{"embeddable":true,"href":"https:\/\/www.skiservice.com\/sv\/wp-json\/wp\/v2\/users\/6"}],"replies":[{"embeddable":true,"href":"https:\/\/www.skiservice.com\/sv\/wp-json\/wp\/v2\/comments?post=8096"}],"version-history":[{"count":3,"href":"https:\/\/www.skiservice.com\/sv\/wp-json\/wp\/v2\/pages\/8096\/revisions"}],"predecessor-version":[{"id":8923,"href":"https:\/\/www.skiservice.com\/sv\/wp-json\/wp\/v2\/pages\/8096\/revisions\/8923"}],"wp:attachment":[{"href":"https:\/\/www.skiservice.com\/sv\/wp-json\/wp\/v2\/media?parent=8096"}],"curies":[{"name":"wp","href":"https:\/\/api.w.org\/{rel}","templated":true}]}}